{"id":1328,"date":"2023-08-06T16:33:41","date_gmt":"2023-08-06T14:33:41","guid":{"rendered":"https:\/\/miling.com.pl\/?page_id=1328"},"modified":"2022-02-21T13:20:32","modified_gmt":"2022-02-21T12:20:32","slug":"price-list","status":"publish","type":"page","link":"https:\/\/miling.com.pl\/en\/price-list\/","title":{"rendered":"Price list"},"content":{"rendered":"\n<p><strong>CA\u0141KOWITY CENNIK DOST\u0118PNY PODCZAS WIZYTY INDYWIDUALNEJ<\/strong><\/p>\n\n\n\n<p>Podmiot leczniczy udziela \u015bwiadcze\u0144 zdrowotnych dzieciom i osobom doros\u0142ym odp\u0142atnie.<\/p>\n\n\n\n<p>P\u0142atno\u015bci za udzielone w podmiocie leczniczym odp\u0142atnie \u015bwiadczenia zdrowotne dokonywane s\u0105 przez pacjent\u00f3w got\u00f3wk\u0105, kart\u0105 p\u0142atnicz\u0105 (kredytow\u0105) lub za zgod\u0105 kierownika podmiotu leczniczego przelewem na wskazany rachunek bankowy.<\/p>\n\n\n\n<p>Pacjent przed wystawieniem paragonu jest zobowi\u0105zany poinformowa\u0107 personel rejestracji podmiotu leczniczego o ch\u0119ci otrzymania faktury VAT. Zgodnie z art. 106b ust. 5. ustawy z dnia 11 marca 2004 r. o pomdatku od towar\u00f3w i us\u0142ug w przypadku sprzeda\u017cy zaewidencjonowanej przy zastosowaniu kasy rejestruj\u0105cej potwierdzonej paragonem fiskalnym faktur\u0119 na rzecz podatnika wystawia si\u0119 wy\u0142\u0105cznie, je\u017celi paragon potwierdzaj\u0105cy dokonanie tej sprzeda\u017cy zawiera numer NIP.<\/p>\n\n\n\n<h2 class=\"pt-3 wp-block-heading\" id=\"cennik-uslug\">Cennik us\u0142ug<\/h2>\n\n\n\n<p>Poni\u017cszy cennik jest pogl\u0105dowy. Dok\u0142adna wycena leczenia, podana b\u0119dzie w gabinecie podczas wizyty.<\/p>\n\n\n\n\n\n<h2 class=\"pt-5 wp-block-heading\" id=\"cennik-oplat-za-udostepnienie-dokumentacji-medycznej\"><strong>Cennik op\u0142at za udost\u0119pnienie dokumentacji medycznej<\/strong><\/h2>\n\n\n\n<p>W przypadku udost\u0119pnienia dokumentacji medycznej pacjentowi albo jego przedstawicielowi ustawowemu <strong><u>po raz pierwszy<\/u><\/strong> w \u017c\u0105danym zakresie poprzez sporz\u0105dzenie jej wyci\u0105gu, odpisu, kopii lub wydruku, podmiot leczniczy <strong><u>nie pobiera op\u0142aty.<\/u><\/strong><\/p>\n\n\n\n<p>Za udost\u0119pnienie&nbsp; dokumentacji medycznej pacjentowi albo jego przedstawicielowi ustawowemu <strong><u>po raz kolejny w \u017c\u0105danym zakresie<\/u><\/strong> poprzez&nbsp; sporz\u0105dzenie jej wyci\u0105gu, odpisu, kopii lub wydruku, <strong><u>podmiot leczniczy pobiera op\u0142at\u0119 w wysoko\u015bci:<\/u><\/strong><\/p>\n\n\n\n<ul class=\"pt-4 wp-block-list\"><li>1 strona wyci\u0105gu albo odpisu &#8211; 10 z\u0142,<\/li><li>1 strona kopii albo wydruku &#8211; 0,35 z\u0142,<\/li><li>Dokumentacja medyczna na informatycznym no\u015bniku danych &#8211; 2 z\u0142.<\/li><\/ul>\n\n\n\n<hr class=\"wp-block-separator is-style-dots pt-4\"\/>\n\n<div class=\"wp-block-columns pt-5 pb-5 is-layout-flex wp-container-core-columns-is-layout-9d6595d7 wp-block-columns-is-layout-flex\">\n<div class=\"wp-block-column is-layout-flow wp-block-column-is-layout-flow\">\n<figure class=\"wp-block-image size-large cienprawy\"><img loading=\"lazy\" decoding=\"async\" width=\"1024\" height=\"683\" src=\"https:\/\/miling.com.pl\/wp-content\/uploads\/2021\/12\/DSC2528-10-1024x683.jpg\" alt=\"Dsc2528 10\" class=\"wp-image-1277\" srcset=\"https:\/\/miling.com.pl\/wp-content\/uploads\/2021\/12\/DSC2528-10-1024x683.jpg 1024w, https:\/\/miling.com.pl\/wp-content\/uploads\/2021\/12\/DSC2528-10-300x200.jpg 300w, https:\/\/miling.com.pl\/wp-content\/uploads\/2021\/12\/DSC2528-10-768x512.jpg 768w, https:\/\/miling.com.pl\/wp-content\/uploads\/2021\/12\/DSC2528-10-1536x1024.jpg 1536w, https:\/\/miling.com.pl\/wp-content\/uploads\/2021\/12\/DSC2528-10-2048x1365.jpg 2048w\" sizes=\"auto, (max-width: 1024px) 100vw, 1024px\" \/><\/figure>\n<\/div>\n\n\n\n<div class=\"wp-block-column is-vertically-aligned-center is-layout-flow wp-block-column-is-layout-flow\">\n<p><\/p>\n\n\n\n<p>We fulfill the goals and tasks of a medical entity. We provide dental care to patients in accordance with current medical knowledge, current procedures, available methods and resources, with due diligence, as well as with respect for professional ethics and patient rights. <\/p>\n\n\n\n<div class=\"wp-block-buttons is-layout-flex wp-block-buttons-is-layout-flex\">\n<div class=\"wp-block-button has-custom-font-size pt-3\" style=\"font-size:15px\"><a class=\"wp-block-button__link has-black-background-color has-background\" href=\"https:\/\/miling.com.pl\/en\/contact\/\" style=\"border-radius:0px\">Contact details for registration<\/a><\/div>\n<\/div>\n<\/div>\n<\/div>\n","protected":false},"excerpt":{"rendered":"<p>CA\u0141KOWITY CENNIK DOST\u0118PNY PODCZAS WIZYTY INDYWIDUALNEJ Podmiot leczniczy udziela \u015bwiadcze\u0144 zdrowotnych dzieciom i osobom doros\u0142ym odp\u0142atnie. P\u0142atno\u015bci za udzielone w podmiocie leczniczym odp\u0142atnie \u015bwiadczenia zdrowotne dokonywane s\u0105 przez pacjent\u00f3w got\u00f3wk\u0105, kart\u0105 p\u0142atnicz\u0105 (kredytow\u0105) lub za zgod\u0105 kierownika podmiotu leczniczego przelewem na wskazany rachunek bankowy. Pacjent przed wystawieniem paragonu jest zobowi\u0105zany poinformowa\u0107 personel rejestracji podmiotu leczniczego [&hellip;]<\/p>\n","protected":false},"author":1,"featured_media":0,"parent":0,"menu_order":0,"comment_status":"closed","ping_status":"closed","template":"","meta":{"footnotes":""},"class_list":["post-1328","page","type-page","status-publish","hentry"],"_links":{"self":[{"href":"https:\/\/miling.com.pl\/en\/wp-json\/wp\/v2\/pages\/1328","targetHints":{"allow":["GET"]}}],"collection":[{"href":"https:\/\/miling.com.pl\/en\/wp-json\/wp\/v2\/pages"}],"about":[{"href":"https:\/\/miling.com.pl\/en\/wp-json\/wp\/v2\/types\/page"}],"author":[{"embeddable":true,"href":"https:\/\/miling.com.pl\/en\/wp-json\/wp\/v2\/users\/1"}],"replies":[{"embeddable":true,"href":"https:\/\/miling.com.pl\/en\/wp-json\/wp\/v2\/comments?post=1328"}],"version-history":[{"count":1,"href":"https:\/\/miling.com.pl\/en\/wp-json\/wp\/v2\/pages\/1328\/revisions"}],"predecessor-version":[{"id":1366,"href":"https:\/\/miling.com.pl\/en\/wp-json\/wp\/v2\/pages\/1328\/revisions\/1366"}],"wp:attachment":[{"href":"https:\/\/miling.com.pl\/en\/wp-json\/wp\/v2\/media?parent=1328"}],"curies":[{"name":"wp","href":"https:\/\/api.w.org\/{rel}","templated":true}]}}